{"id":7022,"date":"2020-09-16T16:02:13","date_gmt":"2020-09-16T14:02:13","guid":{"rendered":"https:\/\/fondation-grenoble-inp.fr?page_id=7022"},"modified":"2022-01-05T15:56:13","modified_gmt":"2022-01-05T14:56:13","slug":"faire-un-don","status":"publish","type":"page","link":"http:\/\/fondation-grenoble-inp.fr\/en\/faire-un-don\/","title":{"rendered":"Make a donation"},"content":{"rendered":"<div data-elementor-type=\"wp-page\" data-elementor-id=\"7022\" data-post-id=\"7022\" data-obj-id=\"7022\" class=\"elementor elementor-7022 dce-elementor-post-7022\" data-elementor-settings=\"[]\">\n\t\t\t\t\t\t<div class=\"elementor-inner\">\n\t\t\t\t\t\t\t<div class=\"elementor-section-wrap\">\n\t\t\t\t\t\t\t<section data-dce-background-image-url=\"https:\/\/fondation-grenoble-inp.fr\/wp-content\/uploads\/2021\/02\/header-fondationINP-faire-un-don.png\" class=\"elementor-section elementor-top-section elementor-element elementor-element-7910fac9 elementor-section-height-min-height elementor-section-items-bottom elementor-section-boxed elementor-section-height-default elementor-invisible\" data-id=\"7910fac9\" data-element_type=\"section\" data-settings=\"{&quot;background_background&quot;:&quot;classic&quot;,&quot;animation&quot;:&quot;fadeIn&quot;}\">\n\t\t\t\t\t\t\t<div class=\"elementor-background-overlay\"><\/div>\n\t\t\t\t\t\t\t<div class=\"elementor-container elementor-column-gap-default\">\n\t\t\t\t\t\t\t<div class=\"elementor-row\">\n\t\t\t\t\t<div class=\"elementor-column elementor-col-100 elementor-top-column elementor-element elementor-element-478d7065\" data-id=\"478d7065\" data-element_type=\"column\">\n\t\t\t<div class=\"elementor-column-wrap elementor-element-populated\">\n\t\t\t\t\t\t\t<div class=\"elementor-widget-wrap\">\n\t\t\t\t\t\t<div class=\"elementor-element elementor-element-4519fa3c elementor-widget elementor-widget-heading\" data-id=\"4519fa3c\" data-element_type=\"widget\" data-widget_type=\"heading.default\">\n\t\t\t\t<div class=\"elementor-widget-container\">\n\t\t\t<h1 class=\"elementor-heading-title elementor-size-default\">Make a donation<\/h1>\t\t<\/div>\n\t\t\t\t<\/div>\n\t\t\t\t<div class=\"elementor-element elementor-element-6e734a62 elementor-view-default elementor-widget elementor-widget-icon\" data-id=\"6e734a62\" data-element_type=\"widget\" data-widget_type=\"icon.default\">\n\t\t\t\t<div class=\"elementor-widget-container\">\n\t\t\t\t\t<div class=\"elementor-icon-wrapper\">\n\t\t\t<a class=\"elementor-icon\" href=\"#section1\">\n\t\t\t<i aria-hidden=\"true\" class=\"fas fa-chevron-down\"><\/i>\t\t\t<\/a>\n\t\t<\/div>\n\t\t\t\t<\/div>\n\t\t\t\t<\/div>\n\t\t\t\t\t\t<\/div>\n\t\t\t\t\t<\/div>\n\t\t<\/div>\n\t\t\t\t\t\t\t\t<\/div>\n\t\t\t\t\t<\/div>\n\t\t<\/section>\n\t\t\t\t<section class=\"elementor-section elementor-top-section elementor-element elementor-element-a8b0277 elementor-section-full_width elementor-section-height-default elementor-section-height-default\" data-id=\"a8b0277\" data-element_type=\"section\">\n\t\t\t\t\t\t<div class=\"elementor-container elementor-column-gap-default\">\n\t\t\t\t\t\t\t<div class=\"elementor-row\">\n\t\t\t\t\t<div class=\"elementor-column elementor-col-100 elementor-top-column elementor-element elementor-element-1e0ec42\" data-id=\"1e0ec42\" data-element_type=\"column\">\n\t\t\t<div class=\"elementor-column-wrap elementor-element-populated\">\n\t\t\t\t\t\t\t<div class=\"elementor-widget-wrap\">\n\t\t\t\t\t\t<div class=\"elementor-element elementor-element-7c44e79 elementor-widget elementor-widget-html\" data-id=\"7c44e79\" data-element_type=\"widget\" data-widget_type=\"html.default\">\n\t\t\t\t<div class=\"elementor-widget-container\">\n\t\t\t<iframe id=\"haWidget\" allowtransparency=\"true\" scrolling=\"auto\" src=\"https:\/\/www.helloasso.com\/associations\/fondation-grenoble-inp\/formulaires\/6\/widget\" style=\"width:100%;height:1800px;border:none;\" onload=\"window.scroll(0, this.offsetTop)\"><\/iframe>\t\t<\/div>\n\t\t\t\t<\/div>\n\t\t\t\t\t\t<\/div>\n\t\t\t\t\t<\/div>\n\t\t<\/div>\n\t\t\t\t\t\t\t\t<\/div>\n\t\t\t\t\t<\/div>\n\t\t<\/section>\n\t\t\t\t\t\t<\/div>\n\t\t\t\t\t\t<\/div>\n\t\t\t\t\t<\/div>","protected":false},"excerpt":{"rendered":"<p>Make a donation<\/p>","protected":false},"author":4,"featured_media":0,"parent":0,"menu_order":0,"comment_status":"closed","ping_status":"closed","template":"","meta":[],"acf":[],"yoast_head":"<!-- This site is optimized with the Yoast SEO plugin v18.0 - https:\/\/yoast.com\/wordpress\/plugins\/seo\/ -->\n<title>Faire un don \u00e0 la Fondation Grenoble INP - Fondation Grenoble INP<\/title>\n<meta name=\"description\" content=\"Gr\u00e2ce \u00e0 nos donateurs la Fondation a financ\u00e9 en 10 ans de nombreuses Chaires d\u2019Excellence, bourses et projets\" \/>\n<meta name=\"robots\" content=\"index, follow, max-snippet:-1, max-image-preview:large, max-video-preview:-1\" \/>\n<link rel=\"canonical\" href=\"http:\/\/fondation-grenoble-inp.fr\/en\/faire-un-don\/\" \/>\n<meta property=\"og:locale\" content=\"en_US\" \/>\n<meta property=\"og:type\" content=\"article\" \/>\n<meta property=\"og:title\" content=\"Faire un don \u00e0 la Fondation Grenoble INP - Fondation Grenoble INP\" \/>\n<meta property=\"og:description\" content=\"Gr\u00e2ce \u00e0 nos donateurs la Fondation a financ\u00e9 en 10 ans de nombreuses Chaires d\u2019Excellence, bourses et projets\" \/>\n<meta property=\"og:url\" content=\"http:\/\/fondation-grenoble-inp.fr\/en\/faire-un-don\/\" \/>\n<meta property=\"og:site_name\" content=\"Fondation Grenoble INP\" \/>\n<meta property=\"article:modified_time\" content=\"2022-01-05T14:56:13+00:00\" \/>\n<meta name=\"twitter:card\" content=\"summary_large_image\" \/>\n<meta name=\"twitter:label1\" content=\"Est. reading time\" \/>\n\t<meta name=\"twitter:data1\" content=\"1 minute\" \/>\n<script type=\"application\/ld+json\" class=\"yoast-schema-graph\">{\"@context\":\"https:\/\/schema.org\",\"@graph\":[{\"@type\":\"Organization\",\"@id\":\"https:\/\/fondation-grenoble-inp.fr\/#organization\",\"name\":\"Fondation INP Grenoble\",\"url\":\"https:\/\/fondation-grenoble-inp.fr\/\",\"sameAs\":[],\"logo\":{\"@type\":\"ImageObject\",\"@id\":\"https:\/\/fondation-grenoble-inp.fr\/#logo\",\"inLanguage\":\"en-US\",\"url\":\"https:\/\/fondation-grenoble-inp.fr\/wp-content\/uploads\/2021\/03\/cropped-favicon-fondation-inp-grenoble.png\",\"contentUrl\":\"https:\/\/fondation-grenoble-inp.fr\/wp-content\/uploads\/2021\/03\/cropped-favicon-fondation-inp-grenoble.png\",\"width\":512,\"height\":512,\"caption\":\"Fondation INP Grenoble\"},\"image\":{\"@id\":\"https:\/\/fondation-grenoble-inp.fr\/#logo\"}},{\"@type\":\"WebSite\",\"@id\":\"https:\/\/fondation-grenoble-inp.fr\/#website\",\"url\":\"https:\/\/fondation-grenoble-inp.fr\/\",\"name\":\"Fondation Grenoble INP\",\"description\":\"#OsezlAvenir\",\"publisher\":{\"@id\":\"https:\/\/fondation-grenoble-inp.fr\/#organization\"},\"potentialAction\":[{\"@type\":\"SearchAction\",\"target\":{\"@type\":\"EntryPoint\",\"urlTemplate\":\"https:\/\/fondation-grenoble-inp.fr\/?s={search_term_string}\"},\"query-input\":\"required name=search_term_string\"}],\"inLanguage\":\"en-US\"},{\"@type\":\"WebPage\",\"@id\":\"https:\/\/fondation-grenoble-inp.fr\/faire-un-don\/#webpage\",\"url\":\"https:\/\/fondation-grenoble-inp.fr\/faire-un-don\/\",\"name\":\"Faire un don \u00e0 la Fondation Grenoble INP - Fondation Grenoble INP\",\"isPartOf\":{\"@id\":\"https:\/\/fondation-grenoble-inp.fr\/#website\"},\"datePublished\":\"2020-09-16T14:02:13+00:00\",\"dateModified\":\"2022-01-05T14:56:13+00:00\",\"description\":\"Gr\u00e2ce \u00e0 nos donateurs la Fondation a financ\u00e9 en 10 ans de nombreuses Chaires d\u2019Excellence, bourses et projets\",\"breadcrumb\":{\"@id\":\"https:\/\/fondation-grenoble-inp.fr\/faire-un-don\/#breadcrumb\"},\"inLanguage\":\"en-US\",\"potentialAction\":[{\"@type\":\"ReadAction\",\"target\":[\"https:\/\/fondation-grenoble-inp.fr\/faire-un-don\/\"]}]},{\"@type\":\"BreadcrumbList\",\"@id\":\"https:\/\/fondation-grenoble-inp.fr\/faire-un-don\/#breadcrumb\",\"itemListElement\":[{\"@type\":\"ListItem\",\"position\":1,\"name\":\"Accueil\",\"item\":\"https:\/\/fondation-grenoble-inp.fr\/\"},{\"@type\":\"ListItem\",\"position\":2,\"name\":\"Faire un don\"}]}]}<\/script>\n<!-- \/ Yoast SEO plugin. -->","yoast_head_json":{"title":"Faire un don \u00e0 la Fondation Grenoble INP - Fondation Grenoble INP","description":"Gr\u00e2ce \u00e0 nos donateurs la Fondation a financ\u00e9 en 10 ans de nombreuses Chaires d\u2019Excellence, bourses et projets","robots":{"index":"index","follow":"follow","max-snippet":"max-snippet:-1","max-image-preview":"max-image-preview:large","max-video-preview":"max-video-preview:-1"},"canonical":"http:\/\/fondation-grenoble-inp.fr\/en\/faire-un-don\/","og_locale":"en_US","og_type":"article","og_title":"Faire un don \u00e0 la Fondation Grenoble INP - Fondation Grenoble INP","og_description":"Gr\u00e2ce \u00e0 nos donateurs la Fondation a financ\u00e9 en 10 ans de nombreuses Chaires d\u2019Excellence, bourses et projets","og_url":"http:\/\/fondation-grenoble-inp.fr\/en\/faire-un-don\/","og_site_name":"Fondation Grenoble INP","article_modified_time":"2022-01-05T14:56:13+00:00","twitter_card":"summary_large_image","twitter_misc":{"Est. reading time":"1 minute"},"schema":{"@context":"https:\/\/schema.org","@graph":[{"@type":"Organization","@id":"https:\/\/fondation-grenoble-inp.fr\/#organization","name":"Fondation INP Grenoble","url":"https:\/\/fondation-grenoble-inp.fr\/","sameAs":[],"logo":{"@type":"ImageObject","@id":"https:\/\/fondation-grenoble-inp.fr\/#logo","inLanguage":"en-US","url":"https:\/\/fondation-grenoble-inp.fr\/wp-content\/uploads\/2021\/03\/cropped-favicon-fondation-inp-grenoble.png","contentUrl":"https:\/\/fondation-grenoble-inp.fr\/wp-content\/uploads\/2021\/03\/cropped-favicon-fondation-inp-grenoble.png","width":512,"height":512,"caption":"Fondation INP Grenoble"},"image":{"@id":"https:\/\/fondation-grenoble-inp.fr\/#logo"}},{"@type":"WebSite","@id":"https:\/\/fondation-grenoble-inp.fr\/#website","url":"https:\/\/fondation-grenoble-inp.fr\/","name":"Fondation Grenoble INP","description":"#OsezlAvenir","publisher":{"@id":"https:\/\/fondation-grenoble-inp.fr\/#organization"},"potentialAction":[{"@type":"SearchAction","target":{"@type":"EntryPoint","urlTemplate":"https:\/\/fondation-grenoble-inp.fr\/?s={search_term_string}"},"query-input":"required name=search_term_string"}],"inLanguage":"en-US"},{"@type":"WebPage","@id":"https:\/\/fondation-grenoble-inp.fr\/faire-un-don\/#webpage","url":"https:\/\/fondation-grenoble-inp.fr\/faire-un-don\/","name":"Faire un don \u00e0 la Fondation Grenoble INP - Fondation Grenoble INP","isPartOf":{"@id":"https:\/\/fondation-grenoble-inp.fr\/#website"},"datePublished":"2020-09-16T14:02:13+00:00","dateModified":"2022-01-05T14:56:13+00:00","description":"Gr\u00e2ce \u00e0 nos donateurs la Fondation a financ\u00e9 en 10 ans de nombreuses Chaires d\u2019Excellence, bourses et projets","breadcrumb":{"@id":"https:\/\/fondation-grenoble-inp.fr\/faire-un-don\/#breadcrumb"},"inLanguage":"en-US","potentialAction":[{"@type":"ReadAction","target":["https:\/\/fondation-grenoble-inp.fr\/faire-un-don\/"]}]},{"@type":"BreadcrumbList","@id":"https:\/\/fondation-grenoble-inp.fr\/faire-un-don\/#breadcrumb","itemListElement":[{"@type":"ListItem","position":1,"name":"Accueil","item":"https:\/\/fondation-grenoble-inp.fr\/"},{"@type":"ListItem","position":2,"name":"Faire un don"}]}]}},"_links":{"self":[{"href":"http:\/\/fondation-grenoble-inp.fr\/en\/wp-json\/wp\/v2\/pages\/7022"}],"collection":[{"href":"http:\/\/fondation-grenoble-inp.fr\/en\/wp-json\/wp\/v2\/pages"}],"about":[{"href":"http:\/\/fondation-grenoble-inp.fr\/en\/wp-json\/wp\/v2\/types\/page"}],"author":[{"embeddable":true,"href":"http:\/\/fondation-grenoble-inp.fr\/en\/wp-json\/wp\/v2\/users\/4"}],"replies":[{"embeddable":true,"href":"http:\/\/fondation-grenoble-inp.fr\/en\/wp-json\/wp\/v2\/comments?post=7022"}],"version-history":[{"count":12,"href":"http:\/\/fondation-grenoble-inp.fr\/en\/wp-json\/wp\/v2\/pages\/7022\/revisions"}],"predecessor-version":[{"id":15247,"href":"http:\/\/fondation-grenoble-inp.fr\/en\/wp-json\/wp\/v2\/pages\/7022\/revisions\/15247"}],"wp:attachment":[{"href":"http:\/\/fondation-grenoble-inp.fr\/en\/wp-json\/wp\/v2\/media?parent=7022"}],"curies":[{"name":"wp","href":"https:\/\/api.w.org\/{rel}","templated":true}]}}