{"id":10961,"date":"2021-02-17T10:11:05","date_gmt":"2021-02-17T09:11:05","guid":{"rendered":"https:\/\/fondation-grenoble-inp.fr?page_id=10961"},"modified":"2021-03-17T11:09:47","modified_gmt":"2021-03-17T10:09:47","slug":"mentions-legales-inp","status":"publish","type":"page","link":"https:\/\/fondation-grenoble-inp.fr\/en\/mentions-legales-inp\/","title":{"rendered":"Legal notice"},"content":{"rendered":"<div data-elementor-type=\"wp-page\" data-elementor-id=\"10961\" data-post-id=\"10961\" data-obj-id=\"10961\" class=\"elementor elementor-10961 dce-elementor-post-10961\" data-elementor-settings=\"[]\">\n\t\t\t\t\t\t<div class=\"elementor-inner\">\n\t\t\t\t\t\t\t<div class=\"elementor-section-wrap\">\n\t\t\t\t\t\t\t<section class=\"elementor-section elementor-top-section elementor-element elementor-element-2a7a2119 elementor-section-height-min-height elementor-section-items-bottom elementor-section-boxed elementor-section-height-default elementor-invisible\" data-id=\"2a7a2119\" data-element_type=\"section\" data-settings=\"{&quot;background_background&quot;:&quot;classic&quot;,&quot;animation&quot;:&quot;fadeIn&quot;}\">\n\t\t\t\t\t\t<div class=\"elementor-container elementor-column-gap-default\">\n\t\t\t\t\t\t\t<div class=\"elementor-row\">\n\t\t\t\t\t<div class=\"elementor-column elementor-col-100 elementor-top-column elementor-element elementor-element-28accca2\" data-id=\"28accca2\" data-element_type=\"column\">\n\t\t\t<div class=\"elementor-column-wrap elementor-element-populated\">\n\t\t\t\t\t\t\t<div class=\"elementor-widget-wrap\">\n\t\t\t\t\t\t<div class=\"elementor-element elementor-element-21b0b14d elementor-widget elementor-widget-heading\" data-id=\"21b0b14d\" data-element_type=\"widget\" data-widget_type=\"heading.default\">\n\t\t\t\t<div class=\"elementor-widget-container\">\n\t\t\t<h1 class=\"elementor-heading-title elementor-size-default\">Legal notice<\/h1>\t\t<\/div>\n\t\t\t\t<\/div>\n\t\t\t\t<div class=\"elementor-element elementor-element-2b30f5e6 elementor-view-default elementor-widget elementor-widget-icon\" data-id=\"2b30f5e6\" data-element_type=\"widget\" data-widget_type=\"icon.default\">\n\t\t\t\t<div class=\"elementor-widget-container\">\n\t\t\t\t\t<div class=\"elementor-icon-wrapper\">\n\t\t\t<a class=\"elementor-icon\" href=\"#section1\">\n\t\t\t<i aria-hidden=\"true\" class=\"fas fa-chevron-down\"><\/i>\t\t\t<\/a>\n\t\t<\/div>\n\t\t\t\t<\/div>\n\t\t\t\t<\/div>\n\t\t\t\t\t\t<\/div>\n\t\t\t\t\t<\/div>\n\t\t<\/div>\n\t\t\t\t\t\t\t\t<\/div>\n\t\t\t\t\t<\/div>\n\t\t<\/section>\n\t\t\t\t<section class=\"elementor-section elementor-top-section elementor-element elementor-element-f8d2e55 elementor-section-boxed elementor-section-height-default elementor-section-height-default\" data-id=\"f8d2e55\" data-element_type=\"section\">\n\t\t\t\t\t\t<div class=\"elementor-container elementor-column-gap-default\">\n\t\t\t\t\t\t\t<div class=\"elementor-row\">\n\t\t\t\t\t<div class=\"elementor-column elementor-col-100 elementor-top-column elementor-element elementor-element-1575ca8\" data-id=\"1575ca8\" data-element_type=\"column\">\n\t\t\t<div class=\"elementor-column-wrap elementor-element-populated\">\n\t\t\t\t\t\t\t<div class=\"elementor-widget-wrap\">\n\t\t\t\t\t\t<div class=\"elementor-element elementor-element-3fdaeb6 elementor-widget elementor-widget-heading\" data-id=\"3fdaeb6\" data-element_type=\"widget\" data-widget_type=\"heading.default\">\n\t\t\t\t<div class=\"elementor-widget-container\">\n\t\t\t<h2 class=\"elementor-heading-title elementor-size-default\">Grenoble INP Foundation<\/h2>\t\t<\/div>\n\t\t\t\t<\/div>\n\t\t\t\t<div class=\"elementor-element elementor-element-50dc3f4 elementor-widget elementor-widget-text-editor\" data-id=\"50dc3f4\" data-element_type=\"widget\" data-widget_type=\"text-editor.default\">\n\t\t\t\t<div class=\"elementor-widget-container\">\n\t\t\t\t\t\t\t\t<div class=\"elementor-text-editor elementor-clearfix\">\n\t\t\t\t<p><span style=\"font-weight: 400;\">Vous \u00eates actuellement sur le site web officiel de la \u00ab Fondation Grenoble INP \u00bb. Pour toute information li\u00e9e \u00e0 son fonctionnement ou son utilisation, vous pouvez \u00e9crire \u00e0 son administrateur par courrier \u00e0 l&rsquo;adresse suivante :<\/span><\/p><p><span style=\"font-weight: 400;\">Grenoble INP Foundation<br \/><\/span><span style=\"font-size: 19.6px; font-weight: 400; color: var( --e-global-color-text );\">46 Avenue F\u00e9lix Viallet<br \/><\/span><span style=\"color: var( --e-global-color-text ); font-size: 19.6px; font-weight: 400;\">38031 Grenoble Cedex 01<\/span><\/p><p><span style=\"font-weight: 400;\">Le fait d&rsquo;acc\u00e9der au site et de le parcourir implique l&rsquo;acceptation sans r\u00e9serve des conditions g\u00e9n\u00e9rales d&rsquo;utilisation et de toutes les lois applicables. La Fondation Grenoble INP pr\u00e9vient qu&rsquo;elle fera respecter ses droits de propri\u00e9t\u00e9 intellectuelle par tous les moyens l\u00e9gaux \u00e0 sa disposition, y compris par la voie judiciaire. Les informations contenues sur le site ne sont pas contractuelles. Elles peuvent \u00eatre modifi\u00e9es sans pr\u00e9avis.<\/span><\/p>\t\t\t\t\t<\/div>\n\t\t\t\t\t\t<\/div>\n\t\t\t\t<\/div>\n\t\t\t\t<div class=\"elementor-element elementor-element-e2255fa elementor-widget elementor-widget-heading\" data-id=\"e2255fa\" data-element_type=\"widget\" data-widget_type=\"heading.default\">\n\t\t\t\t<div class=\"elementor-widget-container\">\n\t\t\t<h2 class=\"elementor-heading-title elementor-size-default\">Droits de reproduction<\/h2>\t\t<\/div>\n\t\t\t\t<\/div>\n\t\t\t\t<div class=\"elementor-element elementor-element-ae16b18 elementor-widget elementor-widget-text-editor\" data-id=\"ae16b18\" data-element_type=\"widget\" data-widget_type=\"text-editor.default\">\n\t\t\t\t<div class=\"elementor-widget-container\">\n\t\t\t\t\t\t\t\t<div class=\"elementor-text-editor elementor-clearfix\">\n\t\t\t\t<p><span style=\"font-weight: 400;\">Ecrits et\/ou mis en ligne par la r\u00e9daction du site <\/span><a href=\"https:\/\/fondation-grenoble-inp.fr\/en\/\"><span style=\"font-weight: 400;\">www.fondation-grenoble-inp.fr<\/span><\/a><span style=\"font-weight: 400;\">, ces contenus ne sauraient \u00eatre reproduits librement sans l\u2019indication de la source. De m\u00eame, la technique de lien profond (\u00ab deep linking \u00bb) est proscrite, c\u2019est \u00e0 dire que les pages du site<\/span><a href=\"https:\/\/fondation-grenoble-inp.fr\/en\/\"> <span style=\"font-weight: 400;\">www.fondation-grenoble-inp.fr<\/span><\/a><span style=\"font-weight: 400;\"> ne doivent pas \u00eatre imbriqu\u00e9es \u00e0 l\u2019int\u00e9rieur des pages d\u2019un autre site.<\/span><\/p>\t\t\t\t\t<\/div>\n\t\t\t\t\t\t<\/div>\n\t\t\t\t<\/div>\n\t\t\t\t<div class=\"elementor-element elementor-element-69b41e0 elementor-widget elementor-widget-heading\" data-id=\"69b41e0\" data-element_type=\"widget\" data-widget_type=\"heading.default\">\n\t\t\t\t<div class=\"elementor-widget-container\">\n\t\t\t<h2 class=\"elementor-heading-title elementor-size-default\">Liens hypertextes<\/h2>\t\t<\/div>\n\t\t\t\t<\/div>\n\t\t\t\t<div class=\"elementor-element elementor-element-f6b6067 elementor-widget elementor-widget-text-editor\" data-id=\"f6b6067\" data-element_type=\"widget\" data-widget_type=\"text-editor.default\">\n\t\t\t\t<div class=\"elementor-widget-container\">\n\t\t\t\t\t\t\t\t<div class=\"elementor-text-editor elementor-clearfix\">\n\t\t\t\t<p><span style=\"font-weight: 400;\">Le site <\/span><a href=\"https:\/\/fondation-grenoble-inp.fr\/en\/\"><span style=\"font-weight: 400;\">www.fondation-grenoble-inp.fr<\/span><\/a><span style=\"font-weight: 400;\"> autorise tout site Internet ou tout autre support \u00e0 le citer ou \u00e0 mettre en place un lien hypertexte pointant vers son contenu. L\u2019autorisation de mise en place d\u2019un lien est valable pour tout support, \u00e0 l\u2019exception de ceux diffusant des informations \u00e0 caract\u00e8re pol\u00e9mique, pornographique, x\u00e9nophobe, ou pouvant dans une plus large mesure porter atteinte \u00e0 la sensibilit\u00e9 du plus grand nombre.<\/span><\/p>\t\t\t\t\t<\/div>\n\t\t\t\t\t\t<\/div>\n\t\t\t\t<\/div>\n\t\t\t\t<div class=\"elementor-element elementor-element-4797054 elementor-widget elementor-widget-heading\" data-id=\"4797054\" data-element_type=\"widget\" data-widget_type=\"heading.default\">\n\t\t\t\t<div class=\"elementor-widget-container\">\n\t\t\t<h2 class=\"elementor-heading-title elementor-size-default\">Donn\u00e9es personnelles<\/h2>\t\t<\/div>\n\t\t\t\t<\/div>\n\t\t\t\t<div class=\"elementor-element elementor-element-55af8ba elementor-widget elementor-widget-text-editor\" data-id=\"55af8ba\" data-element_type=\"widget\" data-widget_type=\"text-editor.default\">\n\t\t\t\t<div class=\"elementor-widget-container\">\n\t\t\t\t\t\t\t\t<div class=\"elementor-text-editor elementor-clearfix\">\n\t\t\t\t<p><span style=\"font-weight: 400;\">Conform\u00e9ment \u00e0 la Loi Informatique et Libert\u00e9s, nous vous informons que la collecte des informations dont la saisie est obligatoire dans les formulaires de ce site, est n\u00e9cessaire au traitement de votre demande.<\/span><\/p><p><span style=\"font-weight: 400;\">Celles-ci ne font l\u2019objet d\u2019aucune diffusion aupr\u00e8s de soci\u00e9t\u00e9 tierces et ne sont pas utilis\u00e9es \u00e0 des fins publicitaires.<\/span><\/p><p><span style=\"font-weight: 400;\">\u201cVous disposez d\u2019un droit d\u2019acc\u00e8s, de modification, de rectification et de suppression des donn\u00e9es qui vous concernent (art. 34 de la loi \u00ab Informatique et Libert\u00e9s \u00bb du 6 janvier 1978).<\/span><\/p><p><span style=\"font-weight: 400;\">Vous pouvez exercer ce droit par simple demande : pour cela, <\/span><a href=\"https:\/\/fondation-grenoble-inp.fr\/en\/nous-contacter\/\"><span style=\"font-weight: 400;\">contactez-nous.<\/span><\/a><\/p><p><a href=\"https:\/\/fondation-grenoble-inp.fr\/en\/conditions-utilisation-donnees-personnelles\/\"><span style=\"font-weight: 400;\">&gt; En savoir plus sur nos conditions d\u2019utilisation de vos donn\u00e9es personnelles<\/span><\/a><\/p>\t\t\t\t\t<\/div>\n\t\t\t\t\t\t<\/div>\n\t\t\t\t<\/div>\n\t\t\t\t<div class=\"elementor-element elementor-element-5215114 elementor-widget elementor-widget-heading\" data-id=\"5215114\" data-element_type=\"widget\" data-widget_type=\"heading.default\">\n\t\t\t\t<div class=\"elementor-widget-container\">\n\t\t\t<h2 class=\"elementor-heading-title elementor-size-default\">Editeur du site<\/h2>\t\t<\/div>\n\t\t\t\t<\/div>\n\t\t\t\t<div class=\"elementor-element elementor-element-b439969 elementor-widget elementor-widget-text-editor\" data-id=\"b439969\" data-element_type=\"widget\" data-widget_type=\"text-editor.default\">\n\t\t\t\t<div class=\"elementor-widget-container\">\n\t\t\t\t\t\t\t\t<div class=\"elementor-text-editor elementor-clearfix\">\n\t\t\t\t<p><span style=\"font-weight: 400;\">La r\u00e9daction des contenus est assur\u00e9e par :<\/span><\/p><p><span style=\"font-weight: 400;\">Grenoble INP Foundation<br \/><\/span><span style=\"font-weight: 400;\">46, avenue F\u00e9lix Viallet 38031 GRENOBLE Cedex 1 \u2013 France<\/span><\/p>\t\t\t\t\t<\/div>\n\t\t\t\t\t\t<\/div>\n\t\t\t\t<\/div>\n\t\t\t\t<div class=\"elementor-element elementor-element-bbbce64 elementor-widget elementor-widget-heading\" data-id=\"bbbce64\" data-element_type=\"widget\" data-widget_type=\"heading.default\">\n\t\t\t\t<div class=\"elementor-widget-container\">\n\t\t\t<h2 class=\"elementor-heading-title elementor-size-default\">R\u00e9alisation du site internet<\/h2>\t\t<\/div>\n\t\t\t\t<\/div>\n\t\t\t\t<div class=\"elementor-element elementor-element-3b7df0a elementor-widget elementor-widget-text-editor\" data-id=\"3b7df0a\" data-element_type=\"widget\" data-widget_type=\"text-editor.default\">\n\t\t\t\t<div class=\"elementor-widget-container\">\n\t\t\t\t\t\t\t\t<div class=\"elementor-text-editor elementor-clearfix\">\n\t\t\t\t<p><a href=\"https:\/\/www.vertical-square.com\/\"><span style=\"font-weight: 400;\">Vertical Square<\/span><\/a><br \/><span style=\"font-weight: 400;\">Vaux<br \/><\/span><span style=\"font-weight: 400;\">73170 VERTHEMEX<\/span><\/p><p><span style=\"font-weight: 400;\">SAS au capital social de 15 000,00 \u20ac &#8211; R.C.S CHAMBERY 834 487 506<\/span><\/p>\t\t\t\t\t<\/div>\n\t\t\t\t\t\t<\/div>\n\t\t\t\t<\/div>\n\t\t\t\t<div class=\"elementor-element elementor-element-eaf8972 elementor-widget elementor-widget-heading\" data-id=\"eaf8972\" data-element_type=\"widget\" data-widget_type=\"heading.default\">\n\t\t\t\t<div class=\"elementor-widget-container\">\n\t\t\t<h3 class=\"elementor-heading-title elementor-size-default\">H\u00e9bergement<\/h3>\t\t<\/div>\n\t\t\t\t<\/div>\n\t\t\t\t<div class=\"elementor-element elementor-element-00c8ed6 elementor-widget elementor-widget-text-editor\" data-id=\"00c8ed6\" data-element_type=\"widget\" data-widget_type=\"text-editor.default\">\n\t\t\t\t<div class=\"elementor-widget-container\">\n\t\t\t\t\t\t\t\t<div class=\"elementor-text-editor elementor-clearfix\">\n\t\t\t\t<p><span style=\"font-weight: 400;\">H\u00e9bergeur : OVH<br \/><\/span><span style=\"font-weight: 400;\">2 rue Kellermann \u2013 59100 ROUBAIX<\/span><\/p><p><span style=\"font-weight: 400;\">Site Web :<\/span><a href=\"http:\/\/www.ovh.com\"> <span style=\"font-weight: 400;\">www.ovh.com<\/span><\/a><\/p>\t\t\t\t\t<\/div>\n\t\t\t\t\t\t<\/div>\n\t\t\t\t<\/div>\n\t\t\t\t\t\t<\/div>\n\t\t\t\t\t<\/div>\n\t\t<\/div>\n\t\t\t\t\t\t\t\t<\/div>\n\t\t\t\t\t<\/div>\n\t\t<\/section>\n\t\t\t\t\t\t<\/div>\n\t\t\t\t\t\t<\/div>\n\t\t\t\t\t<\/div>","protected":false},"excerpt":{"rendered":"<p>Fondation Grenoble INP Vous \u00eates actuellement sur le site web officiel de la \u00ab Fondation Grenoble INP \u00bb. Pour toute information li\u00e9e \u00e0 son fonctionnement ou son utilisation, vous pouvez \u00e9crire \u00e0 son administrateur par courrier \u00e0 l&rsquo;adresse suivante : Fondation Grenoble INP46 Avenue F\u00e9lix Viallet38031 Grenoble Cedex 01 Le fait d&rsquo;acc\u00e9der au site et [&hellip;]<\/p>","protected":false},"author":4,"featured_media":0,"parent":0,"menu_order":0,"comment_status":"closed","ping_status":"closed","template":"","meta":[],"acf":[],"yoast_head":"<!-- This site is optimized with the Yoast SEO plugin v18.0 - https:\/\/yoast.com\/wordpress\/plugins\/seo\/ -->\n<title>Mentions legales - Fondation Grenoble INP<\/title>\n<meta name=\"robots\" content=\"noindex, follow\" \/>\n<meta property=\"og:locale\" content=\"en_US\" \/>\n<meta property=\"og:type\" content=\"article\" \/>\n<meta property=\"og:title\" content=\"Mentions legales - Fondation Grenoble INP\" \/>\n<meta property=\"og:description\" content=\"Fondation Grenoble INP Vous \u00eates actuellement sur le site web officiel de la \u00ab Fondation Grenoble INP \u00bb. Pour toute information li\u00e9e \u00e0 son fonctionnement ou son utilisation, vous pouvez \u00e9crire \u00e0 son administrateur par courrier \u00e0 l&rsquo;adresse suivante : Fondation Grenoble INP46 Avenue F\u00e9lix Viallet38031 Grenoble Cedex 01 Le fait d&rsquo;acc\u00e9der au site et [&hellip;]\" \/>\n<meta property=\"og:url\" content=\"https:\/\/fondation-grenoble-inp.fr\/en\/mentions-legales-inp\/\" \/>\n<meta property=\"og:site_name\" content=\"Fondation Grenoble INP\" \/>\n<meta property=\"article:modified_time\" content=\"2021-03-17T10:09:47+00:00\" \/>\n<meta name=\"twitter:card\" content=\"summary_large_image\" \/>\n<meta name=\"twitter:label1\" content=\"Est. reading time\" \/>\n\t<meta name=\"twitter:data1\" content=\"2 minutes\" \/>\n<script type=\"application\/ld+json\" class=\"yoast-schema-graph\">{\"@context\":\"https:\/\/schema.org\",\"@graph\":[{\"@type\":\"Organization\",\"@id\":\"https:\/\/fondation-grenoble-inp.fr\/#organization\",\"name\":\"Fondation INP Grenoble\",\"url\":\"https:\/\/fondation-grenoble-inp.fr\/\",\"sameAs\":[],\"logo\":{\"@type\":\"ImageObject\",\"@id\":\"https:\/\/fondation-grenoble-inp.fr\/#logo\",\"inLanguage\":\"en-US\",\"url\":\"https:\/\/fondation-grenoble-inp.fr\/wp-content\/uploads\/2021\/03\/cropped-favicon-fondation-inp-grenoble.png\",\"contentUrl\":\"https:\/\/fondation-grenoble-inp.fr\/wp-content\/uploads\/2021\/03\/cropped-favicon-fondation-inp-grenoble.png\",\"width\":512,\"height\":512,\"caption\":\"Fondation INP Grenoble\"},\"image\":{\"@id\":\"https:\/\/fondation-grenoble-inp.fr\/#logo\"}},{\"@type\":\"WebSite\",\"@id\":\"https:\/\/fondation-grenoble-inp.fr\/#website\",\"url\":\"https:\/\/fondation-grenoble-inp.fr\/\",\"name\":\"Fondation Grenoble INP\",\"description\":\"#OsezlAvenir\",\"publisher\":{\"@id\":\"https:\/\/fondation-grenoble-inp.fr\/#organization\"},\"potentialAction\":[{\"@type\":\"SearchAction\",\"target\":{\"@type\":\"EntryPoint\",\"urlTemplate\":\"https:\/\/fondation-grenoble-inp.fr\/?s={search_term_string}\"},\"query-input\":\"required name=search_term_string\"}],\"inLanguage\":\"en-US\"},{\"@type\":\"WebPage\",\"@id\":\"https:\/\/fondation-grenoble-inp.fr\/mentions-legales-inp\/#webpage\",\"url\":\"https:\/\/fondation-grenoble-inp.fr\/mentions-legales-inp\/\",\"name\":\"Mentions legales - Fondation Grenoble INP\",\"isPartOf\":{\"@id\":\"https:\/\/fondation-grenoble-inp.fr\/#website\"},\"datePublished\":\"2021-02-17T09:11:05+00:00\",\"dateModified\":\"2021-03-17T10:09:47+00:00\",\"breadcrumb\":{\"@id\":\"https:\/\/fondation-grenoble-inp.fr\/mentions-legales-inp\/#breadcrumb\"},\"inLanguage\":\"en-US\",\"potentialAction\":[{\"@type\":\"ReadAction\",\"target\":[\"https:\/\/fondation-grenoble-inp.fr\/mentions-legales-inp\/\"]}]},{\"@type\":\"BreadcrumbList\",\"@id\":\"https:\/\/fondation-grenoble-inp.fr\/mentions-legales-inp\/#breadcrumb\",\"itemListElement\":[{\"@type\":\"ListItem\",\"position\":1,\"name\":\"Accueil\",\"item\":\"https:\/\/fondation-grenoble-inp.fr\/\"},{\"@type\":\"ListItem\",\"position\":2,\"name\":\"Mentions legales\"}]}]}<\/script>\n<!-- \/ Yoast SEO plugin. -->","yoast_head_json":{"title":"Mentions legales - Fondation Grenoble INP","robots":{"index":"noindex","follow":"follow"},"og_locale":"en_US","og_type":"article","og_title":"Mentions legales - Fondation Grenoble INP","og_description":"Fondation Grenoble INP Vous \u00eates actuellement sur le site web officiel de la \u00ab Fondation Grenoble INP \u00bb. Pour toute information li\u00e9e \u00e0 son fonctionnement ou son utilisation, vous pouvez \u00e9crire \u00e0 son administrateur par courrier \u00e0 l&rsquo;adresse suivante : Fondation Grenoble INP46 Avenue F\u00e9lix Viallet38031 Grenoble Cedex 01 Le fait d&rsquo;acc\u00e9der au site et [&hellip;]","og_url":"https:\/\/fondation-grenoble-inp.fr\/en\/mentions-legales-inp\/","og_site_name":"Fondation Grenoble INP","article_modified_time":"2021-03-17T10:09:47+00:00","twitter_card":"summary_large_image","twitter_misc":{"Est. reading time":"2 minutes"},"schema":{"@context":"https:\/\/schema.org","@graph":[{"@type":"Organization","@id":"https:\/\/fondation-grenoble-inp.fr\/#organization","name":"Fondation INP Grenoble","url":"https:\/\/fondation-grenoble-inp.fr\/","sameAs":[],"logo":{"@type":"ImageObject","@id":"https:\/\/fondation-grenoble-inp.fr\/#logo","inLanguage":"en-US","url":"https:\/\/fondation-grenoble-inp.fr\/wp-content\/uploads\/2021\/03\/cropped-favicon-fondation-inp-grenoble.png","contentUrl":"https:\/\/fondation-grenoble-inp.fr\/wp-content\/uploads\/2021\/03\/cropped-favicon-fondation-inp-grenoble.png","width":512,"height":512,"caption":"Fondation INP Grenoble"},"image":{"@id":"https:\/\/fondation-grenoble-inp.fr\/#logo"}},{"@type":"WebSite","@id":"https:\/\/fondation-grenoble-inp.fr\/#website","url":"https:\/\/fondation-grenoble-inp.fr\/","name":"Fondation Grenoble INP","description":"#OsezlAvenir","publisher":{"@id":"https:\/\/fondation-grenoble-inp.fr\/#organization"},"potentialAction":[{"@type":"SearchAction","target":{"@type":"EntryPoint","urlTemplate":"https:\/\/fondation-grenoble-inp.fr\/?s={search_term_string}"},"query-input":"required name=search_term_string"}],"inLanguage":"en-US"},{"@type":"WebPage","@id":"https:\/\/fondation-grenoble-inp.fr\/mentions-legales-inp\/#webpage","url":"https:\/\/fondation-grenoble-inp.fr\/mentions-legales-inp\/","name":"Mentions legales - Fondation Grenoble INP","isPartOf":{"@id":"https:\/\/fondation-grenoble-inp.fr\/#website"},"datePublished":"2021-02-17T09:11:05+00:00","dateModified":"2021-03-17T10:09:47+00:00","breadcrumb":{"@id":"https:\/\/fondation-grenoble-inp.fr\/mentions-legales-inp\/#breadcrumb"},"inLanguage":"en-US","potentialAction":[{"@type":"ReadAction","target":["https:\/\/fondation-grenoble-inp.fr\/mentions-legales-inp\/"]}]},{"@type":"BreadcrumbList","@id":"https:\/\/fondation-grenoble-inp.fr\/mentions-legales-inp\/#breadcrumb","itemListElement":[{"@type":"ListItem","position":1,"name":"Accueil","item":"https:\/\/fondation-grenoble-inp.fr\/"},{"@type":"ListItem","position":2,"name":"Mentions legales"}]}]}},"_links":{"self":[{"href":"https:\/\/fondation-grenoble-inp.fr\/en\/wp-json\/wp\/v2\/pages\/10961"}],"collection":[{"href":"https:\/\/fondation-grenoble-inp.fr\/en\/wp-json\/wp\/v2\/pages"}],"about":[{"href":"https:\/\/fondation-grenoble-inp.fr\/en\/wp-json\/wp\/v2\/types\/page"}],"author":[{"embeddable":true,"href":"https:\/\/fondation-grenoble-inp.fr\/en\/wp-json\/wp\/v2\/users\/4"}],"replies":[{"embeddable":true,"href":"https:\/\/fondation-grenoble-inp.fr\/en\/wp-json\/wp\/v2\/comments?post=10961"}],"version-history":[{"count":14,"href":"https:\/\/fondation-grenoble-inp.fr\/en\/wp-json\/wp\/v2\/pages\/10961\/revisions"}],"predecessor-version":[{"id":12268,"href":"https:\/\/fondation-grenoble-inp.fr\/en\/wp-json\/wp\/v2\/pages\/10961\/revisions\/12268"}],"wp:attachment":[{"href":"https:\/\/fondation-grenoble-inp.fr\/en\/wp-json\/wp\/v2\/media?parent=10961"}],"curies":[{"name":"wp","href":"https:\/\/api.w.org\/{rel}","templated":true}]}}