{"id":10962,"date":"2021-02-17T10:05:49","date_gmt":"2021-02-17T09:05:49","guid":{"rendered":"https:\/\/fondation-grenoble-inp.fr?page_id=10962"},"modified":"2021-03-17T11:12:09","modified_gmt":"2021-03-17T10:12:09","slug":"conditions-utilisation-donnees-personnelles","status":"publish","type":"page","link":"https:\/\/fondation-grenoble-inp.fr\/en\/conditions-utilisation-donnees-personnelles\/","title":{"rendered":"Privacy Policy"},"content":{"rendered":"<div data-elementor-type=\"wp-page\" data-elementor-id=\"10962\" data-post-id=\"10962\" data-obj-id=\"10962\" class=\"elementor elementor-10962 dce-elementor-post-10962\" data-elementor-settings=\"[]\">\n\t\t\t\t\t\t<div class=\"elementor-inner\">\n\t\t\t\t\t\t\t<div class=\"elementor-section-wrap\">\n\t\t\t\t\t\t\t<section class=\"elementor-section elementor-top-section elementor-element elementor-element-5c5bbc49 elementor-section-height-min-height elementor-section-items-bottom elementor-section-boxed elementor-section-height-default elementor-invisible\" data-id=\"5c5bbc49\" data-element_type=\"section\" data-settings=\"{&quot;background_background&quot;:&quot;classic&quot;,&quot;animation&quot;:&quot;fadeIn&quot;}\">\n\t\t\t\t\t\t<div class=\"elementor-container elementor-column-gap-default\">\n\t\t\t\t\t\t\t<div class=\"elementor-row\">\n\t\t\t\t\t<div class=\"elementor-column elementor-col-100 elementor-top-column elementor-element elementor-element-449d67b8\" data-id=\"449d67b8\" data-element_type=\"column\">\n\t\t\t<div class=\"elementor-column-wrap elementor-element-populated\">\n\t\t\t\t\t\t\t<div class=\"elementor-widget-wrap\">\n\t\t\t\t\t\t<div class=\"elementor-element elementor-element-323b02e elementor-widget elementor-widget-heading\" data-id=\"323b02e\" data-element_type=\"widget\" data-widget_type=\"heading.default\">\n\t\t\t\t<div class=\"elementor-widget-container\">\n\t\t\t<h1 class=\"elementor-heading-title elementor-size-default\">Privacy Policy<\/h1>\t\t<\/div>\n\t\t\t\t<\/div>\n\t\t\t\t<div class=\"elementor-element elementor-element-5aa0da4b elementor-view-default elementor-widget elementor-widget-icon\" data-id=\"5aa0da4b\" data-element_type=\"widget\" data-widget_type=\"icon.default\">\n\t\t\t\t<div class=\"elementor-widget-container\">\n\t\t\t\t\t<div class=\"elementor-icon-wrapper\">\n\t\t\t<a class=\"elementor-icon\" href=\"#section1\">\n\t\t\t<i aria-hidden=\"true\" class=\"fas fa-chevron-down\"><\/i>\t\t\t<\/a>\n\t\t<\/div>\n\t\t\t\t<\/div>\n\t\t\t\t<\/div>\n\t\t\t\t\t\t<\/div>\n\t\t\t\t\t<\/div>\n\t\t<\/div>\n\t\t\t\t\t\t\t\t<\/div>\n\t\t\t\t\t<\/div>\n\t\t<\/section>\n\t\t\t\t<section class=\"elementor-section elementor-top-section elementor-element elementor-element-2ed7b60c elementor-section-boxed elementor-section-height-default elementor-section-height-default\" data-id=\"2ed7b60c\" data-element_type=\"section\">\n\t\t\t\t\t\t<div class=\"elementor-container elementor-column-gap-default\">\n\t\t\t\t\t\t\t<div class=\"elementor-row\">\n\t\t\t\t\t<div class=\"elementor-column elementor-col-100 elementor-top-column elementor-element elementor-element-6ef2ffa7\" data-id=\"6ef2ffa7\" data-element_type=\"column\">\n\t\t\t<div class=\"elementor-column-wrap elementor-element-populated\">\n\t\t\t\t\t\t\t<div class=\"elementor-widget-wrap\">\n\t\t\t\t\t\t<div class=\"elementor-element elementor-element-f7816a4 elementor-widget elementor-widget-heading\" data-id=\"f7816a4\" data-element_type=\"widget\" data-widget_type=\"heading.default\">\n\t\t\t\t<div class=\"elementor-widget-container\">\n\t\t\t<h1 class=\"elementor-heading-title elementor-size-default\">Privacy Policy<\/h1>\t\t<\/div>\n\t\t\t\t<\/div>\n\t\t\t\t<div class=\"elementor-element elementor-element-524f415 elementor-widget elementor-widget-heading\" data-id=\"524f415\" data-element_type=\"widget\" data-widget_type=\"heading.default\">\n\t\t\t\t<div class=\"elementor-widget-container\">\n\t\t\t<h2 class=\"elementor-heading-title elementor-size-default\">La collecte et l\u2019utilisation de vos donn\u00e9es personnelles depuis le site www.fondation-grenoble-inp.fr<\/h2>\t\t<\/div>\n\t\t\t\t<\/div>\n\t\t\t\t<div class=\"elementor-element elementor-element-8140af9 elementor-widget elementor-widget-text-editor\" data-id=\"8140af9\" data-element_type=\"widget\" data-widget_type=\"text-editor.default\">\n\t\t\t\t<div class=\"elementor-widget-container\">\n\t\t\t\t\t\t\t\t<div class=\"elementor-text-editor elementor-clearfix\">\n\t\t\t\t<p>Conform\u00e9ment \u00e0 la Loi Informatique et Libert\u00e9s, nous vous informons que la collecte des informations dont la saisie est obligatoire dans les formulaires de ce site, est n\u00e9cessaire au traitement de votre demande.<br \/>Celles-ci ne font l\u2019objet d\u2019aucune diffusion aupr\u00e8s de soci\u00e9t\u00e9 tierces et ne sont pas utilis\u00e9es \u00e0 des fins publicitaires.<\/p><p>\u201cVous disposez d\u2019un droit d\u2019acc\u00e8s, de modification, de rectification et de suppression des donn\u00e9es qui vous concernent (art.\u00a034 de la loi \u00ab\u00a0Informatique et Libert\u00e9s\u00a0\u00bb du 6\u00a0janvier\u00a01978).<br \/>Vous pouvez exercer ce droit par simple demande : pour cela,\u00a0contactez-nous\u00a0<a href=\"mailto:contact@fondation.grenoble-inp.fr\">par email<\/a>\u00a0ou par courrier postal.<\/p>\t\t\t\t\t<\/div>\n\t\t\t\t\t\t<\/div>\n\t\t\t\t<\/div>\n\t\t\t\t<div class=\"elementor-element elementor-element-e57d106 elementor-widget elementor-widget-heading\" data-id=\"e57d106\" data-element_type=\"widget\" data-widget_type=\"heading.default\">\n\t\t\t\t<div class=\"elementor-widget-container\">\n\t\t\t<h2 class=\"elementor-heading-title elementor-size-default\">Le consentement\n<\/h2>\t\t<\/div>\n\t\t\t\t<\/div>\n\t\t\t\t<div class=\"elementor-element elementor-element-a001afc elementor-widget elementor-widget-text-editor\" data-id=\"a001afc\" data-element_type=\"widget\" data-widget_type=\"text-editor.default\">\n\t\t\t\t<div class=\"elementor-widget-container\">\n\t\t\t\t\t\t\t\t<div class=\"elementor-text-editor elementor-clearfix\">\n\t\t\t\t<p>Toute donn\u00e9e collect\u00e9e sur notre site www.fondation-grenoble-inp.fr est soumise au consentement express de l\u2019utilisateur. Chaque formulaire collectant des donn\u00e9es personnelles mentionnent de mani\u00e8re simple et explicite les conditions d\u2019utilisation de leurs donn\u00e9es personnelles.<\/p><p>Celui-ci est par ailleurs inform\u00e9 du traitement de ses donn\u00e9es personnelles, consign\u00e9 dans un\u00a0<a href=\"https:\/\/fondation-grenoble-inp.fr\/wp-content\/uploads\/2018\/05\/Registre_RGPD_FondationGrenobleINP_201805001.pdf\">registre d\u00e9di\u00e9 et conforme aux recommandations de la RGPD<\/a>.<\/p><p>L\u2019utilisateur du site\u00a0<a href=\"https:\/\/fondation-grenoble-inp.fr\/en\/\">www.fondation-grenoble-inp.fr<\/a>\u00a0peut \u00e0 tout moment exercer son droit de retrait de consentement \u00e0 l\u2019utilisation de ses donn\u00e9es personnelles. Pour cela, il lui suffit de nous en faire la demande\u00a0<a href=\"mailto:contact@fondation.grenoble-inp.fr\">par email<\/a>.<\/p>\t\t\t\t\t<\/div>\n\t\t\t\t\t\t<\/div>\n\t\t\t\t<\/div>\n\t\t\t\t<div class=\"elementor-element elementor-element-518cd5b elementor-widget elementor-widget-heading\" data-id=\"518cd5b\" data-element_type=\"widget\" data-widget_type=\"heading.default\">\n\t\t\t\t<div class=\"elementor-widget-container\">\n\t\t\t<h2 class=\"elementor-heading-title elementor-size-default\">Le droit d\u2019acc\u00e8s \u00e0 ses donn\u00e9es personnelles<\/h2>\t\t<\/div>\n\t\t\t\t<\/div>\n\t\t\t\t<div class=\"elementor-element elementor-element-24627ec elementor-widget elementor-widget-text-editor\" data-id=\"24627ec\" data-element_type=\"widget\" data-widget_type=\"text-editor.default\">\n\t\t\t\t<div class=\"elementor-widget-container\">\n\t\t\t\t\t\t\t\t<div class=\"elementor-text-editor elementor-clearfix\">\n\t\t\t\t<p>L\u2019utilisateur du site www.fondation-grenoble-inp.fr peut \u00e0 tout moment exercer son droit d\u2019acc\u00e8s \u00e0 ses donn\u00e9es personnelles. Pour cela, il lui suffit de nous en faire la demande\u00a0<a href=\"mailto:contact@fondation.grenoble-inp.fr\">par email<\/a>.<\/p><p>Pour conna\u00eetre les conditions d\u2019utilisation des donn\u00e9es personnelles trait\u00e9es sur le site www.fondation-grenoble-inp.fr, vous pouvez consulter directement en ligne le registre de traitement.<\/p><p><a href=\"\/wp-content\/uploads\/2021\/02\/Registre_RGPD_FondationGrenobleINP_201805001.pdfhttps:\/\/fondation-grenoble-inp.fr\/wp-content\/uploads\/2021\/02\/Registre_RGPD_FondationGrenobleINP_201805001.pdf\">&gt; Acc\u00e9der \u00e0 la consultation du registre de traitement des donn\u00e9es personnelles<\/a><\/p>\t\t\t\t\t<\/div>\n\t\t\t\t\t\t<\/div>\n\t\t\t\t<\/div>\n\t\t\t\t<div class=\"elementor-element elementor-element-de568a3 elementor-widget elementor-widget-heading\" data-id=\"de568a3\" data-element_type=\"widget\" data-widget_type=\"heading.default\">\n\t\t\t\t<div class=\"elementor-widget-container\">\n\t\t\t<h2 class=\"elementor-heading-title elementor-size-default\">Le droit de notification<\/h2>\t\t<\/div>\n\t\t\t\t<\/div>\n\t\t\t\t<div class=\"elementor-element elementor-element-989ce17 elementor-widget elementor-widget-text-editor\" data-id=\"989ce17\" data-element_type=\"widget\" data-widget_type=\"text-editor.default\">\n\t\t\t\t<div class=\"elementor-widget-container\">\n\t\t\t\t\t\t\t\t<div class=\"elementor-text-editor elementor-clearfix\">\n\t\t\t\t<p>Dans le cas d\u2019une \u00e9ventuelle fuite de donn\u00e9es, l\u2019utilisateur sera inform\u00e9 de la fuite de ses donn\u00e9es personnelles dans un d\u00e9lai de 72h ouvr\u00e9es apr\u00e8s la d\u00e9couverte de cette fuite.<\/p>\t\t\t\t\t<\/div>\n\t\t\t\t\t\t<\/div>\n\t\t\t\t<\/div>\n\t\t\t\t\t\t<\/div>\n\t\t\t\t\t<\/div>\n\t\t<\/div>\n\t\t\t\t\t\t\t\t<\/div>\n\t\t\t\t\t<\/div>\n\t\t<\/section>\n\t\t\t\t\t\t<\/div>\n\t\t\t\t\t\t<\/div>\n\t\t\t\t\t<\/div>","protected":false},"excerpt":{"rendered":"<p>La collecte et l\u2019utilisation de vos donn\u00e9es personnelles depuis le site www.fondation-grenoble-inp.fr Conform\u00e9ment \u00e0 la Loi Informatique et Libert\u00e9s, nous vous informons que la collecte des informations dont la saisie est obligatoire dans les formulaires de ce site, est n\u00e9cessaire au traitement de votre demande.Celles-ci ne font l\u2019objet d\u2019aucune diffusion aupr\u00e8s de soci\u00e9t\u00e9 tierces et [&hellip;]<\/p>","protected":false},"author":4,"featured_media":0,"parent":0,"menu_order":0,"comment_status":"closed","ping_status":"closed","template":"","meta":[],"acf":[],"yoast_head":"<!-- This site is optimized with the Yoast SEO plugin v18.0 - https:\/\/yoast.com\/wordpress\/plugins\/seo\/ -->\n<title>Politique de confidentialite - Fondation Grenoble INP<\/title>\n<meta name=\"robots\" content=\"noindex, follow\" \/>\n<meta property=\"og:locale\" content=\"en_US\" \/>\n<meta property=\"og:type\" content=\"article\" \/>\n<meta property=\"og:title\" content=\"Politique de confidentialite - Fondation Grenoble INP\" \/>\n<meta property=\"og:description\" content=\"La collecte et l\u2019utilisation de vos donn\u00e9es personnelles depuis le site www.fondation-grenoble-inp.fr Conform\u00e9ment \u00e0 la Loi Informatique et Libert\u00e9s, nous vous informons que la collecte des informations dont la saisie est obligatoire dans les formulaires de ce site, est n\u00e9cessaire au traitement de votre demande.Celles-ci ne font l\u2019objet d\u2019aucune diffusion aupr\u00e8s de soci\u00e9t\u00e9 tierces et [&hellip;]\" \/>\n<meta property=\"og:url\" content=\"https:\/\/fondation-grenoble-inp.fr\/en\/conditions-utilisation-donnees-personnelles\/\" \/>\n<meta property=\"og:site_name\" content=\"Fondation Grenoble INP\" \/>\n<meta property=\"article:modified_time\" content=\"2021-03-17T10:12:09+00:00\" \/>\n<meta name=\"twitter:card\" content=\"summary_large_image\" \/>\n<meta name=\"twitter:label1\" content=\"Est. reading time\" \/>\n\t<meta name=\"twitter:data1\" content=\"2 minutes\" \/>\n<script type=\"application\/ld+json\" class=\"yoast-schema-graph\">{\"@context\":\"https:\/\/schema.org\",\"@graph\":[{\"@type\":\"Organization\",\"@id\":\"https:\/\/fondation-grenoble-inp.fr\/#organization\",\"name\":\"Fondation INP Grenoble\",\"url\":\"https:\/\/fondation-grenoble-inp.fr\/\",\"sameAs\":[],\"logo\":{\"@type\":\"ImageObject\",\"@id\":\"https:\/\/fondation-grenoble-inp.fr\/#logo\",\"inLanguage\":\"en-US\",\"url\":\"https:\/\/fondation-grenoble-inp.fr\/wp-content\/uploads\/2021\/03\/cropped-favicon-fondation-inp-grenoble.png\",\"contentUrl\":\"https:\/\/fondation-grenoble-inp.fr\/wp-content\/uploads\/2021\/03\/cropped-favicon-fondation-inp-grenoble.png\",\"width\":512,\"height\":512,\"caption\":\"Fondation INP Grenoble\"},\"image\":{\"@id\":\"https:\/\/fondation-grenoble-inp.fr\/#logo\"}},{\"@type\":\"WebSite\",\"@id\":\"https:\/\/fondation-grenoble-inp.fr\/#website\",\"url\":\"https:\/\/fondation-grenoble-inp.fr\/\",\"name\":\"Fondation Grenoble INP\",\"description\":\"#OsezlAvenir\",\"publisher\":{\"@id\":\"https:\/\/fondation-grenoble-inp.fr\/#organization\"},\"potentialAction\":[{\"@type\":\"SearchAction\",\"target\":{\"@type\":\"EntryPoint\",\"urlTemplate\":\"https:\/\/fondation-grenoble-inp.fr\/?s={search_term_string}\"},\"query-input\":\"required name=search_term_string\"}],\"inLanguage\":\"en-US\"},{\"@type\":\"WebPage\",\"@id\":\"https:\/\/fondation-grenoble-inp.fr\/conditions-utilisation-donnees-personnelles\/#webpage\",\"url\":\"https:\/\/fondation-grenoble-inp.fr\/conditions-utilisation-donnees-personnelles\/\",\"name\":\"Politique de confidentialite - Fondation Grenoble INP\",\"isPartOf\":{\"@id\":\"https:\/\/fondation-grenoble-inp.fr\/#website\"},\"datePublished\":\"2021-02-17T09:05:49+00:00\",\"dateModified\":\"2021-03-17T10:12:09+00:00\",\"breadcrumb\":{\"@id\":\"https:\/\/fondation-grenoble-inp.fr\/conditions-utilisation-donnees-personnelles\/#breadcrumb\"},\"inLanguage\":\"en-US\",\"potentialAction\":[{\"@type\":\"ReadAction\",\"target\":[\"https:\/\/fondation-grenoble-inp.fr\/conditions-utilisation-donnees-personnelles\/\"]}]},{\"@type\":\"BreadcrumbList\",\"@id\":\"https:\/\/fondation-grenoble-inp.fr\/conditions-utilisation-donnees-personnelles\/#breadcrumb\",\"itemListElement\":[{\"@type\":\"ListItem\",\"position\":1,\"name\":\"Accueil\",\"item\":\"https:\/\/fondation-grenoble-inp.fr\/\"},{\"@type\":\"ListItem\",\"position\":2,\"name\":\"Politique de confidentialite\"}]}]}<\/script>\n<!-- \/ Yoast SEO plugin. -->","yoast_head_json":{"title":"Politique de confidentialite - Fondation Grenoble INP","robots":{"index":"noindex","follow":"follow"},"og_locale":"en_US","og_type":"article","og_title":"Politique de confidentialite - Fondation Grenoble INP","og_description":"La collecte et l\u2019utilisation de vos donn\u00e9es personnelles depuis le site www.fondation-grenoble-inp.fr Conform\u00e9ment \u00e0 la Loi Informatique et Libert\u00e9s, nous vous informons que la collecte des informations dont la saisie est obligatoire dans les formulaires de ce site, est n\u00e9cessaire au traitement de votre demande.Celles-ci ne font l\u2019objet d\u2019aucune diffusion aupr\u00e8s de soci\u00e9t\u00e9 tierces et [&hellip;]","og_url":"https:\/\/fondation-grenoble-inp.fr\/en\/conditions-utilisation-donnees-personnelles\/","og_site_name":"Fondation Grenoble INP","article_modified_time":"2021-03-17T10:12:09+00:00","twitter_card":"summary_large_image","twitter_misc":{"Est. reading time":"2 minutes"},"schema":{"@context":"https:\/\/schema.org","@graph":[{"@type":"Organization","@id":"https:\/\/fondation-grenoble-inp.fr\/#organization","name":"Fondation INP Grenoble","url":"https:\/\/fondation-grenoble-inp.fr\/","sameAs":[],"logo":{"@type":"ImageObject","@id":"https:\/\/fondation-grenoble-inp.fr\/#logo","inLanguage":"en-US","url":"https:\/\/fondation-grenoble-inp.fr\/wp-content\/uploads\/2021\/03\/cropped-favicon-fondation-inp-grenoble.png","contentUrl":"https:\/\/fondation-grenoble-inp.fr\/wp-content\/uploads\/2021\/03\/cropped-favicon-fondation-inp-grenoble.png","width":512,"height":512,"caption":"Fondation INP Grenoble"},"image":{"@id":"https:\/\/fondation-grenoble-inp.fr\/#logo"}},{"@type":"WebSite","@id":"https:\/\/fondation-grenoble-inp.fr\/#website","url":"https:\/\/fondation-grenoble-inp.fr\/","name":"Fondation Grenoble INP","description":"#OsezlAvenir","publisher":{"@id":"https:\/\/fondation-grenoble-inp.fr\/#organization"},"potentialAction":[{"@type":"SearchAction","target":{"@type":"EntryPoint","urlTemplate":"https:\/\/fondation-grenoble-inp.fr\/?s={search_term_string}"},"query-input":"required name=search_term_string"}],"inLanguage":"en-US"},{"@type":"WebPage","@id":"https:\/\/fondation-grenoble-inp.fr\/conditions-utilisation-donnees-personnelles\/#webpage","url":"https:\/\/fondation-grenoble-inp.fr\/conditions-utilisation-donnees-personnelles\/","name":"Politique de confidentialite - Fondation Grenoble INP","isPartOf":{"@id":"https:\/\/fondation-grenoble-inp.fr\/#website"},"datePublished":"2021-02-17T09:05:49+00:00","dateModified":"2021-03-17T10:12:09+00:00","breadcrumb":{"@id":"https:\/\/fondation-grenoble-inp.fr\/conditions-utilisation-donnees-personnelles\/#breadcrumb"},"inLanguage":"en-US","potentialAction":[{"@type":"ReadAction","target":["https:\/\/fondation-grenoble-inp.fr\/conditions-utilisation-donnees-personnelles\/"]}]},{"@type":"BreadcrumbList","@id":"https:\/\/fondation-grenoble-inp.fr\/conditions-utilisation-donnees-personnelles\/#breadcrumb","itemListElement":[{"@type":"ListItem","position":1,"name":"Accueil","item":"https:\/\/fondation-grenoble-inp.fr\/"},{"@type":"ListItem","position":2,"name":"Politique de confidentialite"}]}]}},"_links":{"self":[{"href":"https:\/\/fondation-grenoble-inp.fr\/en\/wp-json\/wp\/v2\/pages\/10962"}],"collection":[{"href":"https:\/\/fondation-grenoble-inp.fr\/en\/wp-json\/wp\/v2\/pages"}],"about":[{"href":"https:\/\/fondation-grenoble-inp.fr\/en\/wp-json\/wp\/v2\/types\/page"}],"author":[{"embeddable":true,"href":"https:\/\/fondation-grenoble-inp.fr\/en\/wp-json\/wp\/v2\/users\/4"}],"replies":[{"embeddable":true,"href":"https:\/\/fondation-grenoble-inp.fr\/en\/wp-json\/wp\/v2\/comments?post=10962"}],"version-history":[{"count":8,"href":"https:\/\/fondation-grenoble-inp.fr\/en\/wp-json\/wp\/v2\/pages\/10962\/revisions"}],"predecessor-version":[{"id":12272,"href":"https:\/\/fondation-grenoble-inp.fr\/en\/wp-json\/wp\/v2\/pages\/10962\/revisions\/12272"}],"wp:attachment":[{"href":"https:\/\/fondation-grenoble-inp.fr\/en\/wp-json\/wp\/v2\/media?parent=10962"}],"curies":[{"name":"wp","href":"https:\/\/api.w.org\/{rel}","templated":true}]}}